{"id":9,"date":"2015-01-27T11:40:17","date_gmt":"2015-01-27T11:40:17","guid":{"rendered":"http:\/\/www.hdstavsro.sk\/?page_id=9"},"modified":"2015-02-06T13:06:01","modified_gmt":"2015-02-06T13:06:01","slug":"referencie","status":"publish","type":"page","link":"https:\/\/www.hdstavsro.sk\/?page_id=9","title":{"rendered":"Referencie"},"content":{"rendered":"<p style=\"text-align: center;\">Demont\u00e1\u017e star\u00e9ho bratislavskeho mostu pre firmu\u00a0<strong>En Libre<\/strong>, spol. s r.o.<\/p>\n<p style=\"text-align: center;\"><a href=\"http:\/\/www.hdstavsro.sk\/wp-content\/uploads\/2015\/01\/IMG_20140417_135858.jpg\"><img decoding=\"async\" loading=\"lazy\" class=\"alignnone wp-image-96 size-thumbnail\" src=\"http:\/\/www.hdstavsro.sk\/wp-content\/uploads\/2015\/01\/IMG_20140417_135858-150x150.jpg\" alt=\"ipp\" width=\"150\" height=\"150\" \/><\/a>\u00a0<a href=\"http:\/\/www.hdstavsro.sk\/wp-content\/uploads\/2015\/01\/IMG_20140417_135906.jpg\"><img decoding=\"async\" loading=\"lazy\" class=\"alignnone wp-image-97 size-thumbnail\" src=\"http:\/\/www.hdstavsro.sk\/wp-content\/uploads\/2015\/01\/IMG_20140417_135906-150x150.jpg\" alt=\"ipp\" width=\"150\" height=\"150\" \/><\/a>\u00a0<a href=\"http:\/\/www.hdstavsro.sk\/wp-content\/uploads\/2015\/01\/IMG_20140417_194249.jpg\"><img decoding=\"async\" loading=\"lazy\" class=\"alignnone wp-image-98 size-thumbnail\" src=\"http:\/\/www.hdstavsro.sk\/wp-content\/uploads\/2015\/01\/IMG_20140417_194249-150x150.jpg\" alt=\"ipp\" width=\"150\" height=\"150\" \/><\/a><\/p>\n<p style=\"text-align: center;\">Demont\u00e1 lisu pre\u00a0<strong>Constellium Extrusions Levice<\/strong> s.r.o.<\/p>\n<p style=\"text-align: center;\"><a href=\"http:\/\/www.hdstavsro.sk\/wp-content\/uploads\/2015\/01\/20140820_141540.jpg\"><img decoding=\"async\" loading=\"lazy\" class=\"alignnone wp-image-103 size-thumbnail\" src=\"http:\/\/www.hdstavsro.sk\/wp-content\/uploads\/2015\/01\/20140820_141540-150x150.jpg\" alt=\"20140820_141540\" width=\"150\" height=\"150\" \/><\/a> <a href=\"http:\/\/www.hdstavsro.sk\/wp-content\/uploads\/2015\/01\/20140826_170322.jpg\"><img decoding=\"async\" loading=\"lazy\" class=\"alignnone wp-image-106 size-thumbnail\" src=\"http:\/\/www.hdstavsro.sk\/wp-content\/uploads\/2015\/01\/20140826_170322-150x150.jpg\" alt=\"20140826_170322\" width=\"150\" height=\"150\" \/><\/a> <a href=\"http:\/\/www.hdstavsro.sk\/wp-content\/uploads\/2015\/01\/20140828_082419.jpg\"><img decoding=\"async\" loading=\"lazy\" class=\"alignnone wp-image-107 size-thumbnail\" src=\"http:\/\/www.hdstavsro.sk\/wp-content\/uploads\/2015\/01\/20140828_082419-150x150.jpg\" alt=\"20140828_082419\" width=\"150\" height=\"150\" \/><\/a><\/p>\n<p style=\"text-align: center;\">P\u00e1lenie \u017eeriavu &#8211; pr\u00edstav Bratislava<\/p>\n<p style=\"text-align: center;\"><a href=\"http:\/\/www.hdstavsro.sk\/wp-content\/uploads\/2015\/01\/02072008002.jpg\"><img decoding=\"async\" loading=\"lazy\" class=\"alignnone wp-image-117 size-thumbnail\" src=\"http:\/\/www.hdstavsro.sk\/wp-content\/uploads\/2015\/01\/02072008002-150x150.jpg\" alt=\"02072008(002)\" width=\"150\" height=\"150\" \/><\/a> <a href=\"http:\/\/www.hdstavsro.sk\/wp-content\/uploads\/2015\/01\/25062008.jpg\"><img decoding=\"async\" loading=\"lazy\" class=\"alignnone wp-image-118 size-thumbnail\" src=\"http:\/\/www.hdstavsro.sk\/wp-content\/uploads\/2015\/01\/25062008-150x150.jpg\" alt=\"25062008\" width=\"150\" height=\"150\" \/><\/a> <a href=\"http:\/\/www.hdstavsro.sk\/wp-content\/uploads\/2015\/01\/25062008002.jpg\"><img decoding=\"async\" loading=\"lazy\" class=\"alignnone wp-image-119 size-thumbnail\" src=\"http:\/\/www.hdstavsro.sk\/wp-content\/uploads\/2015\/01\/25062008002-150x150.jpg\" alt=\"25062008(002)\" width=\"150\" height=\"150\" \/><\/a><\/p>\n<p style=\"text-align: center;\">Demont\u00e1\u017e v\u00fdrobnej linky na perlit pre Kerko, a.s., Michalovce<\/p>\n<p style=\"text-align: center;\"><a href=\"http:\/\/www.hdstavsro.sk\/wp-content\/uploads\/2015\/01\/P5040121.jpg\"><img decoding=\"async\" loading=\"lazy\" class=\"alignnone wp-image-122 size-thumbnail\" src=\"http:\/\/www.hdstavsro.sk\/wp-content\/uploads\/2015\/01\/P5040121-150x150.jpg\" alt=\"OLYMPUS DIGITAL CAMERA\" width=\"150\" height=\"150\" \/><\/a><\/p>\n<p style=\"text-align: center;\">Rozpalovanie technologick\u00fdch zariaden\u00ed pre ZSNP, a.s. \u017diar nad Hronom<\/p>\n<p style=\"text-align: center;\"><a href=\"http:\/\/www.hdstavsro.sk\/wp-content\/uploads\/2015\/01\/DSC00721.jpg\"><img decoding=\"async\" loading=\"lazy\" class=\"alignnone wp-image-124 size-thumbnail\" src=\"http:\/\/www.hdstavsro.sk\/wp-content\/uploads\/2015\/01\/DSC00721-150x150.jpg\" alt=\"DSC00721\" width=\"150\" height=\"150\" \/><\/a> <a href=\"http:\/\/www.hdstavsro.sk\/wp-content\/uploads\/2015\/01\/DSC00724.jpg\"><img decoding=\"async\" loading=\"lazy\" class=\"alignnone wp-image-125 size-thumbnail\" src=\"http:\/\/www.hdstavsro.sk\/wp-content\/uploads\/2015\/01\/DSC00724-150x150.jpg\" alt=\"DSC00724\" width=\"150\" height=\"150\" \/><\/a>\u00a0<a href=\"http:\/\/www.hdstavsro.sk\/wp-content\/uploads\/2015\/01\/17012012554.jpg\"><img decoding=\"async\" loading=\"lazy\" class=\"alignnone wp-image-110 size-thumbnail\" src=\"http:\/\/www.hdstavsro.sk\/wp-content\/uploads\/2015\/01\/17012012554-150x150.jpg\" alt=\"17012012554\" width=\"150\" height=\"150\" \/><\/a><\/p>\n<p style=\"text-align: center;\">Demont\u00e1\u017e starej haly pre Kovomat Slovakia, s.r.o. \u017dilina<\/p>\n<p style=\"text-align: center;\"><a href=\"http:\/\/www.hdstavsro.sk\/wp-content\/uploads\/2015\/01\/DSC00161.jpg\"><img decoding=\"async\" loading=\"lazy\" class=\"alignnone size-thumbnail wp-image-126\" src=\"http:\/\/www.hdstavsro.sk\/wp-content\/uploads\/2015\/01\/DSC00161-150x150.jpg\" alt=\"DSC00161\" width=\"150\" height=\"150\" \/><\/a><\/p>\n<p style=\"text-align: center;\">P\u00e1lenie vyraden\u00fdch autobusov Slovensk\u00e1 autobusov\u00e1 doprava Zvolen, a. s. pre Zbern\u00e9 suroviny \u017dilina, a.s.<\/p>\n<p style=\"text-align: center;\"><a href=\"http:\/\/www.hdstavsro.sk\/wp-content\/uploads\/2015\/01\/DSC00238.jpg\"><img decoding=\"async\" loading=\"lazy\" class=\"alignnone size-thumbnail wp-image-127\" src=\"http:\/\/www.hdstavsro.sk\/wp-content\/uploads\/2015\/01\/DSC00238-150x150.jpg\" alt=\"DSC00238\" width=\"150\" height=\"150\" \/><\/a><\/p>\n<p style=\"text-align: center;\">P\u00e1lenie lode &#8211; pr\u00edstav Bratislava<\/p>\n<p style=\"text-align: center;\"><a href=\"http:\/\/www.hdstavsro.sk\/wp-content\/uploads\/2015\/01\/DSC00251.jpg\"><img decoding=\"async\" loading=\"lazy\" class=\"alignnone size-thumbnail wp-image-132\" src=\"http:\/\/www.hdstavsro.sk\/wp-content\/uploads\/2015\/01\/DSC00251-150x150.jpg\" alt=\"DSC00251\" width=\"150\" height=\"150\" \/><\/a> <a href=\"http:\/\/www.hdstavsro.sk\/wp-content\/uploads\/2015\/01\/DSC00270.jpg\"><img decoding=\"async\" loading=\"lazy\" class=\"alignnone size-thumbnail wp-image-133\" src=\"http:\/\/www.hdstavsro.sk\/wp-content\/uploads\/2015\/01\/DSC00270-150x150.jpg\" alt=\"DSC00270\" width=\"150\" height=\"150\" \/><\/a><\/p>\n<p style=\"text-align: center;\">\n<p style=\"text-align: center;\">P\u00e1lenie \u017eeriavu Bu\u010dina Zvolen pre\u00a0Kovomat Slovakia, s.r.o. \u017dilina<\/p>\n<p style=\"text-align: center;\">\n","protected":false},"excerpt":{"rendered":"<p>Demont\u00e1\u017e star\u00e9ho bratislavskeho mostu pre firmu\u00a0En Libre, spol. s r.o. \u00a0\u00a0 Demont\u00e1 lisu pre\u00a0Constellium Extrusions Levice s.r.o. P\u00e1lenie \u017eeriavu &#8211; pr\u00edstav Bratislava Demont\u00e1\u017e v\u00fdrobnej linky na perlit pre Kerko, a.s., Michalovce Rozpalovanie technologick\u00fdch zariaden\u00ed pre ZSNP, a.s. \u017diar nad Hronom \u00a0 Demont\u00e1\u017e starej haly pre Kovomat Slovakia, s.r.o. \u017dilina P\u00e1lenie vyraden\u00fdch autobusov Slovensk\u00e1 autobusov\u00e1 doprava [&hellip;]<\/p>\n","protected":false},"author":1,"featured_media":0,"parent":0,"menu_order":0,"comment_status":"closed","ping_status":"closed","template":"","meta":{"ngg_post_thumbnail":0,"footnotes":""},"_links":{"self":[{"href":"https:\/\/www.hdstavsro.sk\/index.php?rest_route=\/wp\/v2\/pages\/9"}],"collection":[{"href":"https:\/\/www.hdstavsro.sk\/index.php?rest_route=\/wp\/v2\/pages"}],"about":[{"href":"https:\/\/www.hdstavsro.sk\/index.php?rest_route=\/wp\/v2\/types\/page"}],"author":[{"embeddable":true,"href":"https:\/\/www.hdstavsro.sk\/index.php?rest_route=\/wp\/v2\/users\/1"}],"replies":[{"embeddable":true,"href":"https:\/\/www.hdstavsro.sk\/index.php?rest_route=%2Fwp%2Fv2%2Fcomments&post=9"}],"version-history":[{"count":13,"href":"https:\/\/www.hdstavsro.sk\/index.php?rest_route=\/wp\/v2\/pages\/9\/revisions"}],"predecessor-version":[{"id":135,"href":"https:\/\/www.hdstavsro.sk\/index.php?rest_route=\/wp\/v2\/pages\/9\/revisions\/135"}],"wp:attachment":[{"href":"https:\/\/www.hdstavsro.sk\/index.php?rest_route=%2Fwp%2Fv2%2Fmedia&parent=9"}],"curies":[{"name":"wp","href":"https:\/\/api.w.org\/{rel}","templated":true}]}}